{"id":2143,"date":"2018-06-05T17:41:54","date_gmt":"2018-06-05T15:41:54","guid":{"rendered":"http:\/\/catalanurses.cat\/?page_id=2143"},"modified":"2018-06-05T17:49:12","modified_gmt":"2018-06-05T15:49:12","slug":"protecciodades","status":"publish","type":"page","link":"https:\/\/catalanurses.cat\/en\/protecciodades\/","title":{"rendered":"Pol\u00edtica de Protecci\u00f3 de Dades"},"content":{"rendered":"<p class=\"qtranxs-available-languages-message qtranxs-available-languages-message-en\">Sorry, this entry is only available in <a href=\"https:\/\/catalanurses.cat\/ca\/wp-json\/wp\/v2\/pages\/2143\" class=\"qtranxs-available-language-link qtranxs-available-language-link-ca\" title=\"Catal\u00e0\">Catalan<\/a>. For the sake of viewer convenience, the content is shown below in the alternative language. You may click the link to switch the active language.<\/p><p>&nbsp;<\/p>\n<table width=\"100%\">\n<tbody>\n<tr>\n<td colspan=\"2\"><strong>Informaci\u00f3 b\u00e0sica sobre Protecci\u00f3 de Dades Personals<\/strong><\/td>\n<\/tr>\n<tr>\n<td width=\"35%\"><strong>Responsable del Tractament<\/strong><\/td>\n<td width=\"65%\">Consell de Col\u00b7legis d\u2019Infermeres i Infermers de Catalunya.<\/td>\n<\/tr>\n<tr>\n<td width=\"35%\"><strong>Finalitat<\/strong><\/td>\n<td width=\"65%\">Gestionar les consultes que facin arribar els usuaris per poder posar-nos en contacte amb ells i donar-li la resposta corresponent.<\/td>\n<\/tr>\n<tr>\n<td width=\"35%\"><strong>Legitimaci\u00f3<\/strong><\/td>\n<td width=\"65%\">La base legal pel tractament de les dades personals \u00e9s el seu consentiment.<\/td>\n<\/tr>\n<tr>\n<td width=\"35%\"><strong>Destinataris<\/strong><\/td>\n<td width=\"65%\">No es comunicar\u00e0 les dades personals que ens ha facilitat a cap tercer excepte requeriment judicial o de l&#8217;Administraci\u00f3 P\u00fablica en l&#8217;exercici de les seves potestats.<\/td>\n<\/tr>\n<tr>\n<td width=\"35%\"><strong>Drets<\/strong><\/td>\n<td width=\"65%\">Accedir, rectificar i suprimir les dades personals, aix\u00ed com altres drets, que s\u2019especifiquen el la nostra Pol\u00edtica de Privacitat.<\/td>\n<\/tr>\n<tr>\n<td width=\"35%\"><strong>Informaci\u00f3 addicional<\/strong><\/td>\n<td width=\"65%\">Pot consultar informaci\u00f3 addicional i detallada sobre Protecci\u00f3 de Dades en la nostra Pol\u00edtica de Privacitat en el nostre lloc web: http:\/\/catalanurses.cat\/<\/td>\n<\/tr>\n<\/tbody>\n<\/table>\n<p>&nbsp;<\/p>\n<h4><u>Objecte<\/u><\/h4>\n<p>El Consell de Col\u00b7legis d\u2019Infermeres i Infermers de Catalunya, d\u2019ara endavant el Consell, ha assumit el comprom\u00eds de protegir la seva privacitat i les seves dades personals. En aquesta Pol\u00edtica de Privacitat, li informem de la forma en la qual protegim les seves dades personals. Li recomanem llegir-la abans d&#8217;accedir al contingut digital del web.<\/p>\n<p>El Consell defensa fermament els drets fonamentals a la privacitat i a la protecci\u00f3 de les dades personals, aix\u00ed com el compliment de les lleis nacionals i europees relatives a la privacitat.<\/p>\n<p>En aquesta declaraci\u00f3 de privacitat es descriu com El Consell tracta i protegeix les dades personals de les persones que utilitzen els nostres llocs web, aix\u00ed com en el context de les nostres activitats internes.<\/p>\n<h4><u>Responsable del Tractament<\/u><\/h4>\n<p>El responsable de tractament de les dades personals que ens faciliti al lloc web \u00e9s el Consell de Col\u00b7legis d\u2019Infermeres i Infermers de Catalunya, amb domicili social en carrer Rossell\u00f3 , 229, 4t 2a, 08008 Barcelona. Les dades de contacte s\u00f3n 932 177 573, n\u00famero de tel\u00e8fon i <a href=\"mailto:consell@consellinfermeres.cat\">consell@consellinfermeres.cat<\/a>, adre\u00e7a de correu electr\u00f2nic.<\/p>\n<h4><u>Dades que recopilem<\/u><\/h4>\n<p>La visita al lloc web no implica que l&#8217;usuari faciliti dades personals.<\/p>\n<p>Les dades personals, que si escau siguin facilitades pels usuaris, podran ser tractades pel Consell com a Responsable del Tractament, sent en tot moment conservades i tractades en territori Europeu.<\/p>\n<p>Quan per recaptar aquestes dades personals s&#8217;utilitzin formularis, les dades facilitades per l&#8217;usuari s&#8217;entendran que s\u00f3n correctes, ja que \u00e9s el propi usuari el que, volunt\u00e0riament, introdueix les seves dades en els formularis disponibles al nostre web i qui respon de la seva veracitat.<\/p>\n<h4><u>Finalitat dels tractaments de les dades personals<\/u><\/h4>\n<p>El Consell pot tractar les teves dades personals per a les seg\u00fcents finalitats:<\/p>\n<ul>\n<li>Les dades personals que ens faciliti al formulari de Contacte, es tractaran per gestionar les consultes que ens faci arribar per poder posar-nos en contacte amb vost\u00e8 i donar-li la resposta corresponent.<\/li>\n<li>Les dades personals que ens faciliti al formulari de Suggeriments i reclamacions, es tractaran per gestionar les reclamacions i suggeriments que ens faci arribar per poder donar-li la millor soluci\u00f3 i la resposta corresponent.<\/li>\n<\/ul>\n<h4><u>Terminis de conservaci\u00f3 de les seves dades personals<\/u><\/h4>\n<p>Les dades personals seran conservades durant 1 any despr\u00e9s d\u2019haver gestionat i solucionat els temes sol\u00b7licitats.<\/p>\n<h4><u>Legitimaci\u00f3 pel tractament de les seves dades personals<\/u><\/h4>\n<p>La base legal pel tractament de les seves dades personals \u00e9s el seu consentiment, donat en el moment de facilitar volunt\u00e0riament les seves dades personals en els nostres formularis i acceptar el tractament de les seves dades a les caselles corresponents.<\/p>\n<h4><u>Comunicaci\u00f3 de les seves dades personals a tercers<\/u><\/h4>\n<p>El Consell no comunicar\u00e0 les dades personals que ens ha facilitat a cap tercer excepte requeriment judicial o de l&#8217;Administraci\u00f3 P\u00fablica en l&#8217;exercici de les seves potestats.<\/p>\n<h4><u>Drets que es poden exercir<\/u><\/h4>\n<p>Qualsevol persona t\u00e9 dret a obtenir informaci\u00f3 clara i comprensible sobre si al Consell s&#8217;estan tractant les seves dades personals.<\/p>\n<p>Les persones interessades tenen dret a accedir a les seves dades de car\u00e0cter personal, aix\u00ed com a sol\u00b7licitar la seva rectificaci\u00f3 de dades inexactes o, en el seu cas, sol\u00b7licitar la supressi\u00f3 quan, entre d&#8217;altres motius, les dades ja no siguin necess\u00e0ries per la finalitat que van ser lliurades aix\u00ed com retirar el consentiment atorgat. L&#8217;exercici d&#8217;oposici\u00f3 al tractament de les seves dades i tamb\u00e9 pot exercir el seu dret a la limitaci\u00f3 del tractament, de forma que les seves dades no seran suprimides per\u00f2 el tractament de les mateixes estar\u00e0 subjecte a limitacions.<\/p>\n<p>Els exercicis de portabilitat i de tractaments per decisions individuals automatitzades no apliquen en aquest cas per el tipus i finalitats de tractament de les mateixes.<\/p>\n<p>L&#8217;exercici dels drets anteriorment indicats es poden sol\u00b7licitar per correu postal o electr\u00f2nic, adjuntant c\u00f2pia del DNI o passaport i exposant el dret que vol sol\u00b7licitar davant del Consell a les adreces facilitades en el punt 2 d\u2019aquesta Pol\u00edtica.<\/p>\n<h4><u>Dret a presentar reclamaci\u00f3 davant l&#8217;autoritat de control<\/u><\/h4>\n<p>En tot moment podr\u00e0 presentar reclamaci\u00f3 davant l&#8217;autoritat de control competent.<\/p>\n<h4><u>Mesures de seguretat que s\u2019apliquen a les dades personals<\/u><\/h4>\n<p>El Consell aplica les mesures t\u00e8cniques i organitzatives necess\u00e0ries tenint en compte els riscos que presenten els tractaments de les dades personals, en particular com a conseq\u00fc\u00e8ncia de la destrucci\u00f3, p\u00e8rdua o alteraci\u00f3 accidental o il\u00b7l\u00edcita de dades personals transmeses, conservades o tractades d&#8217;una altra forma, o la comunicaci\u00f3 o acc\u00e9s no autoritzat a aquestes dades personals.<\/p>\n<p>L\u2019aplicaci\u00f3 de les mesures t\u00e8cniques i organitzatives previstes tenen en compta l&#8217;estat de la t\u00e8cnica, els costos d&#8217;aplicaci\u00f3, i la naturalesa, l&#8217;abast, el context i les finalitats dels tractaments, aix\u00ed com els riscos de probabilitat i gravetat variables per als drets i llibertats de les persones f\u00edsiques.<\/p>\n<p>El Consell aplica les mesures t\u00e8cniques i organitzatives apropiades per garantir un nivell de seguretat adequat per mitigar els riscos detectats en els an\u00e0lisis efectuats pr\u00e8viament als tractaments i durant tot el cicle de vida de les dades personals i els seus tractaments.<\/p>\n<h4><u>Canvis en la Pol\u00edtica de Privacitat<\/u><\/h4>\n<p>El Consell es reserva el dret a modificar aquesta Pol\u00edtica de Privacitat quan sigui necessari, per exemple, per complir amb el desenvolupament de les lleis, regulacions, pr\u00e0ctiques i procediments de del Consell aix\u00ed com per requeriment de les autoritats de control.<\/p>\n<p>El Consell es reserva el dret a modificar aquesta Pol\u00edtica de Privacitat quan sigui necessari per adaptar novetats legislatives, regulacions, pr\u00e0ctiques i procediments del mateix Consell aix\u00ed com per requeriment de les autoritats de control.<\/p>\n<p>No obstant l&#8217;anterior, les relacions establertes amb els usuaris, amb anterioritat a la modificaci\u00f3 de la Pol\u00edtica de Privacitat, es regiran per les normes previstes en el moment en qu\u00e8 l&#8217;usuari va accedir al web per al seu establiment, sense perjudici del que es disposa en el Reglament General de protecci\u00f3 de Dades.<\/p>\n<p>Recomanem als usuaris la seva lectura abans de cada acc\u00e9s i navegaci\u00f3 pel web.<\/p>","protected":false},"excerpt":{"rendered":"<p>Sorry, this entry is only available in Catalan. For the sake of viewer convenience, the content is shown below in the alternative language. You may click the link to switch the active language.&nbsp; Informaci\u00f3 b\u00e0sica sobre Protecci\u00f3 de Dades Personals Responsable del Tractament Consell de&#8230;<\/p>\n","protected":false},"author":101,"featured_media":0,"parent":0,"menu_order":0,"comment_status":"closed","ping_status":"closed","template":"","meta":[],"_links":{"self":[{"href":"https:\/\/catalanurses.cat\/en\/wp-json\/wp\/v2\/pages\/2143"}],"collection":[{"href":"https:\/\/catalanurses.cat\/en\/wp-json\/wp\/v2\/pages"}],"about":[{"href":"https:\/\/catalanurses.cat\/en\/wp-json\/wp\/v2\/types\/page"}],"author":[{"embeddable":true,"href":"https:\/\/catalanurses.cat\/en\/wp-json\/wp\/v2\/users\/101"}],"replies":[{"embeddable":true,"href":"https:\/\/catalanurses.cat\/en\/wp-json\/wp\/v2\/comments?post=2143"}],"version-history":[{"count":3,"href":"https:\/\/catalanurses.cat\/en\/wp-json\/wp\/v2\/pages\/2143\/revisions"}],"predecessor-version":[{"id":2146,"href":"https:\/\/catalanurses.cat\/en\/wp-json\/wp\/v2\/pages\/2143\/revisions\/2146"}],"wp:attachment":[{"href":"https:\/\/catalanurses.cat\/en\/wp-json\/wp\/v2\/media?parent=2143"}],"curies":[{"name":"wp","href":"https:\/\/api.w.org\/{rel}","templated":true}]}}